{"id":628,"date":"2023-04-07T11:00:28","date_gmt":"2023-04-07T11:00:28","guid":{"rendered":"http:\/\/centroicaro.it\/?page_id=628"},"modified":"2023-04-07T11:03:15","modified_gmt":"2023-04-07T11:03:15","slug":"le-acque-di-icaro","status":"publish","type":"page","link":"https:\/\/centroicaro.it\/index.php\/le-acque-di-icaro\/","title":{"rendered":"Le acque di Icaro"},"content":{"rendered":"\t\t<div data-elementor-type=\"wp-page\" data-elementor-id=\"628\" class=\"elementor elementor-628\" data-elementor-post-type=\"page\">\n\t\t\t\t\t\t<section class=\"elementor-section elementor-top-section elementor-element elementor-element-26e5d56 elementor-section-height-min-height elementor-section-boxed elementor-section-height-default elementor-section-items-middle\" data-id=\"26e5d56\" data-element_type=\"section\" data-e-type=\"section\" data-settings=\"{&quot;background_background&quot;:&quot;classic&quot;,&quot;background_motion_fx_motion_fx_scrolling&quot;:&quot;yes&quot;,&quot;background_motion_fx_translateY_effect&quot;:&quot;yes&quot;,&quot;background_motion_fx_translateY_speed&quot;:{&quot;unit&quot;:&quot;px&quot;,&quot;size&quot;:5,&quot;sizes&quot;:[]},&quot;background_motion_fx_translateY_affectedRange&quot;:{&quot;unit&quot;:&quot;%&quot;,&quot;size&quot;:&quot;&quot;,&quot;sizes&quot;:{&quot;start&quot;:0,&quot;end&quot;:100}},&quot;background_motion_fx_devices&quot;:[&quot;desktop&quot;,&quot;tablet&quot;,&quot;mobile&quot;]}\">\n\t\t\t\t\t\t\t<div class=\"elementor-background-overlay\"><\/div>\n\t\t\t\t\t\t\t<div class=\"elementor-container elementor-column-gap-default\">\n\t\t\t\t\t<div class=\"elementor-column elementor-col-100 elementor-top-column elementor-element elementor-element-40819b8\" data-id=\"40819b8\" data-element_type=\"column\" data-e-type=\"column\">\n\t\t\t<div class=\"elementor-widget-wrap elementor-element-populated\">\n\t\t\t\t\t\t<div class=\"elementor-element elementor-element-c625d74 elementor-widget elementor-widget-heading\" data-id=\"c625d74\" data-element_type=\"widget\" data-e-type=\"widget\" data-widget_type=\"heading.default\">\n\t\t\t\t<div class=\"elementor-widget-container\">\n\t\t\t\t\t<h2 class=\"elementor-heading-title elementor-size-default\">Centro Icaro<\/h2>\t\t\t\t<\/div>\n\t\t\t\t<\/div>\n\t\t\t\t<div class=\"elementor-element elementor-element-727d19e elementor-widget elementor-widget-heading\" data-id=\"727d19e\" data-element_type=\"widget\" data-e-type=\"widget\" data-widget_type=\"heading.default\">\n\t\t\t\t<div class=\"elementor-widget-container\">\n\t\t\t\t\t<h2 class=\"elementor-heading-title elementor-size-default\">Le acque di Icaro<\/h2>\t\t\t\t<\/div>\n\t\t\t\t<\/div>\n\t\t\t\t\t<\/div>\n\t\t<\/div>\n\t\t\t\t\t<\/div>\n\t\t<\/section>\n\t\t\t\t<section class=\"elementor-section elementor-top-section elementor-element elementor-element-c6ff637 elementor-section-boxed elementor-section-height-default elementor-section-height-default\" data-id=\"c6ff637\" data-element_type=\"section\" data-e-type=\"section\">\n\t\t\t\t\t\t<div class=\"elementor-container elementor-column-gap-default\">\n\t\t\t\t\t<div class=\"elementor-column elementor-col-100 elementor-top-column elementor-element elementor-element-d4ed5b4\" data-id=\"d4ed5b4\" data-element_type=\"column\" data-e-type=\"column\">\n\t\t\t<div class=\"elementor-widget-wrap elementor-element-populated\">\n\t\t\t\t\t\t<div class=\"elementor-element elementor-element-1b7cf89 elementor-widget elementor-widget-text-editor\" data-id=\"1b7cf89\" data-element_type=\"widget\" data-e-type=\"widget\" data-widget_type=\"text-editor.default\">\n\t\t\t\t<div class=\"elementor-widget-container\">\n\t\t\t\t\t\t\t\t\t<p>Il Centro Icaro \u00e8 a poca distanza dalla localit\u00e0 denominata Fossa Cupa. Un acquifero sotterraneo di tale sorgente \u00e8 stato captato ed asserve tutte le esigenze idriche del Centro Sportivo.<\/p><p>Dopo anni di analisi da parte delle Aziende Sanitarie, si \u00e8 avuta la concessione allo sfruttamento tal quale delle acque pubbliche sotterranee.<\/p><p>Il risultato \u00e8 che da qualsiasi rubinetto del Centro esce una acqua fantastica sia da un punto di vista organolettico, che da un punto di vista batteriologico. Questa risorsa \u00e8 a disposizione gratuita per i clienti.\u00a0<em>Portatevi le bottigliette vuote!!<\/em><\/p><p><b>LA FANTASTICA ACQUA DI FOSSA CUPA.<\/b><\/p><p>Anche la stessa piscina \u00e8 riempita con l\u2019acqua di questa sorgente e viene continuamente ricambiata e riscaldata con i pannelli solari.<\/p><p>Affianco sono riportate le analisi dell\u2019acqua della sorgente come sgorga dai rubinetti di tutto il Centro.\u00a0<\/p><p>Questa cosa rappresenta per i clienti una ottima occasione per dissetarsi o immergersi nella migliore acqua<\/p>\t\t\t\t\t\t\t\t<\/div>\n\t\t\t\t<\/div>\n\t\t\t\t\t<\/div>\n\t\t<\/div>\n\t\t\t\t\t<\/div>\n\t\t<\/section>\n\t\t\t\t<\/div>\n\t\t","protected":false},"excerpt":{"rendered":"<p>Centro Icaro Le acque di Icaro Il Centro Icaro \u00e8 a poca distanza dalla localit\u00e0 denominata Fossa Cupa. Un acquifero sotterraneo di tale sorgente \u00e8 stato captato ed asserve tutte le esigenze idriche del Centro Sportivo. Dopo anni di analisi da parte delle Aziende Sanitarie, si \u00e8 avuta la concessione allo sfruttamento tal quale delle [&hellip;]<\/p>\n","protected":false},"author":1,"featured_media":0,"parent":0,"menu_order":0,"comment_status":"closed","ping_status":"closed","template":"elementor_header_footer","meta":{"footnotes":""},"class_list":["post-628","page","type-page","status-publish","hentry"],"_links":{"self":[{"href":"https:\/\/centroicaro.it\/index.php\/wp-json\/wp\/v2\/pages\/628","targetHints":{"allow":["GET"]}}],"collection":[{"href":"https:\/\/centroicaro.it\/index.php\/wp-json\/wp\/v2\/pages"}],"about":[{"href":"https:\/\/centroicaro.it\/index.php\/wp-json\/wp\/v2\/types\/page"}],"author":[{"embeddable":true,"href":"https:\/\/centroicaro.it\/index.php\/wp-json\/wp\/v2\/users\/1"}],"replies":[{"embeddable":true,"href":"https:\/\/centroicaro.it\/index.php\/wp-json\/wp\/v2\/comments?post=628"}],"version-history":[{"count":4,"href":"https:\/\/centroicaro.it\/index.php\/wp-json\/wp\/v2\/pages\/628\/revisions"}],"predecessor-version":[{"id":633,"href":"https:\/\/centroicaro.it\/index.php\/wp-json\/wp\/v2\/pages\/628\/revisions\/633"}],"wp:attachment":[{"href":"https:\/\/centroicaro.it\/index.php\/wp-json\/wp\/v2\/media?parent=628"}],"curies":[{"name":"wp","href":"https:\/\/api.w.org\/{rel}","templated":true}]}}